{"id":260,"date":"2015-09-29T07:57:54","date_gmt":"2015-09-29T07:57:54","guid":{"rendered":"http:\/\/bluebird.themevillage.net\/?page_id=260"},"modified":"2025-03-07T22:25:31","modified_gmt":"2025-03-07T22:25:31","slug":"about","status":"publish","type":"page","link":"https:\/\/www.henriquemanreza.com\/pt\/about\/","title":{"rendered":"Sobre"},"content":{"rendered":"<p style=\"text-align: center;\">Meu nome \u00e9 Henrique e sou estrategista digital. Estou no mercado criativo h\u00e1 20 anos. Minha experi\u00eancia \u00e9 a mais diversificada poss\u00edvel: Marketing Online, Design, UX, Gerenciamento de Projetos, SEO, Cria\u00e7\u00e3o e Gerenciamento de Conte\u00fado, Storytelling, Fotojornalismo e Produ\u00e7\u00e3o de V\u00eddeo. Hoje trabalho remotamente com marketing online e servi\u00e7os de estrat\u00e9gia digital para empresas no Brasil, Austr\u00e1lia e Indon\u00e9sia.<\/p>\n<p style=\"text-align: center;\"><strong style=\"text-align: center;\"><span style=\"color: #b00000;\">Linkedin |\u00a0<a href=\"https:\/\/www.linkedin.com\/in\/manreza\/\" target=\"_blank\" rel=\"noopener noreferrer\">in\/manreza\/<\/a><br \/>\nInstagram |\u00a0<a href=\"https:\/\/www.instagram.com\/manreza\/\" target=\"_blank\" rel=\"noopener noreferrer\">@manreza<\/a><br \/>\nEmail |\u00a0<\/span> <a href=\"mailto:manreza@gmail.com\">manreza@gmail.com<\/a><\/strong><\/p>\n<p style=\"text-align: left;\"><img fetchpriority=\"high\" decoding=\"async\" class=\"aligncenter size-full wp-image-1341\" src=\"https:\/\/www.henriquemanreza.com\/wp-content\/uploads\/2019\/11\/henriquemanreza.jpg\" alt=\"\" width=\"1300\" height=\"501\" \/><br \/>\n<img decoding=\"async\" class=\"size-full wp-image-1250 align=\" src=\"https:\/\/www.henriquemanreza.com\/wp-content\/uploads\/2018\/03\/clients3.png\" alt=\"\" width=\"1300\" height=\"83\" srcset=\"https:\/\/www.henriquemanreza.com\/wp-content\/uploads\/2018\/03\/clients3.png 1300w, https:\/\/www.henriquemanreza.com\/wp-content\/uploads\/2018\/03\/clients3-300x19.png 300w, https:\/\/www.henriquemanreza.com\/wp-content\/uploads\/2018\/03\/clients3-768x49.png 768w, https:\/\/www.henriquemanreza.com\/wp-content\/uploads\/2018\/03\/clients3-1024x65.png 1024w, https:\/\/www.henriquemanreza.com\/wp-content\/uploads\/2018\/03\/clients3-470x30.png 470w, https:\/\/www.henriquemanreza.com\/wp-content\/uploads\/2018\/03\/clients3-1120x72.png 1120w, https:\/\/www.henriquemanreza.com\/wp-content\/uploads\/2018\/03\/clients3-640x41.png 640w\" sizes=\"(max-width: 1300px) 100vw, 1300px\" \/><br \/>\n\t<div class=\"gridable gridable--row\" >\n\t\t\t<div class=\"gridable--col col-4\" >\n\t\t<h4>Clientes<\/h4>\n<p>Bloombox Co, Con Noi Italian Trattoria, Netflix, TNT, Cartoon Network, Turner, Weber Shandwick, China Tree Gorges, Astellas Farma, Folha de Sao Paulo, Kian, Justino de Oliveira Lawyer, Oswaldo Cruz Hospital.<\/p>\t<\/div>\n\t<div class=\"gridable--col col-8\" >\n\t\t<h4>EXPOSI\u00c7\u00d5ES E PR\u00caMIOS<\/h4>\n<p><strong>2018<\/strong><\/p>\n<ul>\n<li>Dockers &#8211; Essay selected by the photojournalist and editor Michael Silver for the Melbourne Photography Festival.<\/li>\n<\/ul>\n<p><strong>2017<\/strong><\/p>\n<ul>\n<li>Matizes Atacame\u00f1as - As cores que irrigam o deserto mais \u00e1rido do mundo foram uma exposi\u00e7\u00e3o de 32 imagens que tra\u00e7aram um paralelo entre as pinturas surrealistas de Salvador Dal\u00ed e os tons de cores presentes no deserto de Atacama, no Chile.<\/li>\n<li>Lan\u00e7amento do document\u00e1rio \u201c<a style=\"background-color: #fcfcfc;\" href=\"https:\/\/www.youtube.com\/watch?v=XQLMHhTd5AI\"><strong>O Livro da Natureza<\/strong><\/a>\u201c, Que mostra a vida da fam\u00edlia Sousa, que encontrou na natureza a chave para uma vida mais plena.<br \/>\nO curta-document\u00e1rio foi uma produ\u00e7\u00e3o independente e solo: Da entrevista, roteiro e produ\u00e7\u00e3o, at\u00e9 a dire\u00e7\u00e3o, captura, fotografia, edi\u00e7\u00e3o e marketing<\/li>\n<\/ul>\n<p><strong>2016<\/strong><\/p>\n<ul>\n<li>Proje\u00e7\u00e3o na ocupa\u00e7\u00e3o Foto_Invas\u00e3o realizada pela Esta\u00e7\u00e3o Redbull em S\u00e3o Paulo.<\/li>\n<li>Exposi\u00e7\u00e3o individual do projeto autoral realizado em 2012, depois de passar quatro meses no norte do Brasil. A exibi\u00e7\u00e3o \"<strong><a href=\"https:\/\/www.henriquemanreza.com\/pt\/portfolio\/the-nature-of-hapiness\/\">A Natureza da Felicidade<\/a><\/strong>\u201d est\u00e1 em exibi\u00e7\u00e3o permanente desde 2016 no espa\u00e7o\u201c Como Assim?!\u2026 \u201d, Em S\u00e3o Paulo - Brasil.<\/li>\n<\/ul>\n<p><strong>2015<\/strong><\/p>\n<ul>\n<li>Capta\u00e7\u00e3o de recursos via crowdfunding para a exposi\u00e7\u00e3o \"<strong><a href=\"https:\/\/www.henriquemanreza.com\/pt\/portfolio\/the-nature-of-hapiness\/\">A Natureza da Felicidade<\/a><\/strong>\u201d.<\/li>\n<li>Convidado para discuss\u00e3o na 9\u00aa Semana de Fotojornalismo da ECA da Universidade de S\u00e3o Paulo.<\/li>\n<\/ul>\n<p><strong>2014<\/strong><\/p>\n<ul>\n<li>Participa\u00e7\u00e3o na Mostra Mostra Futebol BR, durante a Copa do Mundo no Brasil, foram exibidas 25 exposi\u00e7\u00f5es no bairro da Vila Madalena, em S\u00e3o Paulo - Brasil. Quatro fotos do ensaio \"<strong><a href=\"https:\/\/www.henriquemanreza.com\/pt\/portfolio\/the-roots-of-football\/\">As Ra\u00edzes do Futebol<\/a><\/strong>\u201d foram expostas no Caf\u00e9 Les Delices de Maya. Curadoria de M\u00f4nica Maia e Fernando Costa Netto.<\/li>\n<\/ul>\n<p><strong>2013<\/strong><\/p>\n<ul>\n<li>Com a s\u00e9rie de fotos chamada \"<a href=\"https:\/\/www.henriquemanreza.com\/pt\/portfolio\/dockers\/\"><strong>Carregadores<\/strong><\/a>\u201c, recebi a Men\u00e7\u00e3o Honrosa na categoria Imagens \/ S\u00e9ries da Pictures of the Year International Latin America.<\/li>\n<li>Finalista do 9\u00ba Pr\u00eamio New Holland de Fotojornalismo. A fotografia selecionada foi tirada em Roraima. Em 2014, tornou-se parte da exposi\u00e7\u00e3o itinerante associada nos pa\u00edses participantes: Brasil, Argentina, Paraguai, Uruguai e Chile.<\/li>\n<li>Nomeado para participar do Prix Pictet 2013, pr\u00eamio fotogr\u00e1fico su\u00ed\u00e7o com foco em sustentabilidade (apenas fot\u00f3grafos convidados podem participar).<\/li>\n<li>Selecionado para ter duas fotos no livro Ra\u00edzes do Mito.<\/li>\n<\/ul>\n<p><strong>2012<\/strong><\/p>\n<ul>\n<li>Em 2012, viajei por 4 meses no norte do Brasil para documentar a felicidade na vida simples das pessoas que moram l\u00e1. O resultado disso pode ser visto na exposi\u00e7\u00e3o \u201c<strong><a href=\"https:\/\/www.henriquemanreza.com\/pt\/portfolio\/the-nature-of-happiness\/\">A Natureza da Felicidade<\/a><\/strong>\" que realizei em 2016.<\/li>\n<li>Palestrante da 6\u00aa Semana de Fotojornalismo da ECA na Universidade de S\u00e3o Paulo.<\/li>\n<li>Foto 120 no 3\u00ba Festival de Fotografia de Tiradentes - Exposi\u00e7\u00e3o coletiva em Tiradentes, Minas Gerais.<\/li>\n<\/ul>\n<p><strong>2011<\/strong><\/p>\n<ul>\n<li>Exposi\u00e7\u00e3o Inspir.a\u00e7\u00e3o no Alberta #3. 6 Fotojornalistas de S\u00e3o Paulo mostrando o cotidiano no celular - S\u00e9rie Estaiada com 4 fotos - Incluindo eu, Toni Pires, Filipe Redondo, Mastrangelo Reino, Daigo Oliva e Danilo Verpa. Curadoria de M\u00f4nica Maia.<\/li>\n<li>InstaSampa no Piola Warehouse - Exposi\u00e7\u00e3o coletiva de fotos com celular - Participa\u00e7\u00e3o de Toni Pires, Paulo Pampolim, Fernanda Preto, Rafael Jacinto e outros. Curadoria de M\u00f4nica Maia.<\/li>\n<li>Expogram na Tag and Juice - Exposi\u00e7\u00e3o coletiva de fotos com celular. Curadoria de Luciana Obniski, \u00c9rika Garrido, Renata Chebel, Filipe Redondo e Daigo Oliva.<\/li>\n<\/ul>\t<\/div>\n\t<\/div>\n<\/p>","protected":false},"excerpt":{"rendered":"<p>My name is Henrique and I am a curious Brazilian digital strategist. I have been in the creative market for 20 years. My experience is as diverse as possible: Online Marketing, Design, UX, Project Management, SEO, Content Creation and Management, Storytelling, Photojournalism and Video Production. Today I work remotely with online marketing and digital strategy [&hellip;]<\/p>","protected":false},"author":2,"featured_media":2171,"parent":0,"menu_order":5,"comment_status":"closed","ping_status":"closed","template":"","meta":{"_vp_format_video_url":"","_vp_image_focal_point":{"x":0.67,"y":1},"footnotes":""},"class_list":["post-260","page","type-page","status-publish","has-post-thumbnail","hentry"],"yoast_head":"<!-- This site is optimized with the Yoast SEO plugin v26.5 - https:\/\/yoast.com\/wordpress\/plugins\/seo\/ -->\n<title>About | HENRIQUE MANREZA | Digital Strategies for your Business<\/title>\n<meta name=\"robots\" content=\"index, follow, max-snippet:-1, max-image-preview:large, max-video-preview:-1\" \/>\n<link rel=\"canonical\" href=\"https:\/\/www.henriquemanreza.com\/pt\/about\/\" \/>\n<meta property=\"og:locale\" content=\"pt_BR\" \/>\n<meta property=\"og:type\" content=\"article\" \/>\n<meta property=\"og:title\" content=\"About | HENRIQUE MANREZA | Digital Strategies for your Business\" \/>\n<meta property=\"og:description\" content=\"My name is Henrique and I am a curious Brazilian digital strategist. I have been in the creative market for 20 years. My experience is as diverse as possible: Online Marketing, Design, UX, Project Management, SEO, Content Creation and Management, Storytelling, Photojournalism and Video Production. Today I work remotely with online marketing and digital strategy [&hellip;]\" \/>\n<meta property=\"og:url\" content=\"https:\/\/www.henriquemanreza.com\/pt\/about\/\" \/>\n<meta property=\"og:site_name\" content=\"HENRIQUE MANREZA | Digital Strategies for your Business\" \/>\n<meta property=\"article:modified_time\" content=\"2025-03-07T22:25:31+00:00\" \/>\n<meta property=\"og:image\" content=\"https:\/\/www.henriquemanreza.com\/wp-content\/uploads\/2021\/05\/20190617balloonmelbourne071.png\" \/>\n\t<meta property=\"og:image:width\" content=\"1400\" \/>\n\t<meta property=\"og:image:height\" content=\"700\" \/>\n\t<meta property=\"og:image:type\" content=\"image\/png\" \/>\n<meta name=\"twitter:card\" content=\"summary_large_image\" \/>\n<meta name=\"twitter:label1\" content=\"Est. tempo de leitura\" \/>\n\t<meta name=\"twitter:data1\" content=\"4 minutos\" \/>\n<script type=\"application\/ld+json\" class=\"yoast-schema-graph\">{\"@context\":\"https:\/\/schema.org\",\"@graph\":[{\"@type\":\"WebPage\",\"@id\":\"https:\/\/www.henriquemanreza.com\/about\/\",\"url\":\"https:\/\/www.henriquemanreza.com\/about\/\",\"name\":\"About | HENRIQUE MANREZA | Digital Strategies for your Business\",\"isPartOf\":{\"@id\":\"https:\/\/www.henriquemanreza.com\/#website\"},\"primaryImageOfPage\":{\"@id\":\"https:\/\/www.henriquemanreza.com\/about\/#primaryimage\"},\"image\":{\"@id\":\"https:\/\/www.henriquemanreza.com\/about\/#primaryimage\"},\"thumbnailUrl\":\"https:\/\/www.henriquemanreza.com\/wp-content\/uploads\/2021\/05\/20190617balloonmelbourne071.png\",\"datePublished\":\"2015-09-29T07:57:54+00:00\",\"dateModified\":\"2025-03-07T22:25:31+00:00\",\"breadcrumb\":{\"@id\":\"https:\/\/www.henriquemanreza.com\/about\/#breadcrumb\"},\"inLanguage\":\"pt-BR\",\"potentialAction\":[{\"@type\":\"ReadAction\",\"target\":[\"https:\/\/www.henriquemanreza.com\/about\/\"]}]},{\"@type\":\"ImageObject\",\"inLanguage\":\"pt-BR\",\"@id\":\"https:\/\/www.henriquemanreza.com\/about\/#primaryimage\",\"url\":\"https:\/\/www.henriquemanreza.com\/wp-content\/uploads\/2021\/05\/20190617balloonmelbourne071.png\",\"contentUrl\":\"https:\/\/www.henriquemanreza.com\/wp-content\/uploads\/2021\/05\/20190617balloonmelbourne071.png\",\"width\":1400,\"height\":700},{\"@type\":\"BreadcrumbList\",\"@id\":\"https:\/\/www.henriquemanreza.com\/about\/#breadcrumb\",\"itemListElement\":[{\"@type\":\"ListItem\",\"position\":1,\"name\":\"Home\",\"item\":\"https:\/\/www.henriquemanreza.com\/\"},{\"@type\":\"ListItem\",\"position\":2,\"name\":\"About\"}]},{\"@type\":\"WebSite\",\"@id\":\"https:\/\/www.henriquemanreza.com\/#website\",\"url\":\"https:\/\/www.henriquemanreza.com\/\",\"name\":\"HENRIQUE MANREZA | Digital Strategies for your Business\",\"description\":\"\",\"publisher\":{\"@id\":\"https:\/\/www.henriquemanreza.com\/#\/schema\/person\/844d8c0f495642664c68b56532680c51\"},\"potentialAction\":[{\"@type\":\"SearchAction\",\"target\":{\"@type\":\"EntryPoint\",\"urlTemplate\":\"https:\/\/www.henriquemanreza.com\/?s={search_term_string}\"},\"query-input\":{\"@type\":\"PropertyValueSpecification\",\"valueRequired\":true,\"valueName\":\"search_term_string\"}}],\"inLanguage\":\"pt-BR\"},{\"@type\":[\"Person\",\"Organization\"],\"@id\":\"https:\/\/www.henriquemanreza.com\/#\/schema\/person\/844d8c0f495642664c68b56532680c51\",\"name\":\"Henrique Manreza\",\"image\":{\"@type\":\"ImageObject\",\"inLanguage\":\"pt-BR\",\"@id\":\"https:\/\/www.henriquemanreza.com\/#\/schema\/person\/image\/\",\"url\":\"https:\/\/www.henriquemanreza.com\/wp-content\/uploads\/2023\/02\/manreza_logoquad3.png\",\"contentUrl\":\"https:\/\/www.henriquemanreza.com\/wp-content\/uploads\/2023\/02\/manreza_logoquad3.png\",\"width\":258,\"height\":86,\"caption\":\"Henrique Manreza\"},\"logo\":{\"@id\":\"https:\/\/www.henriquemanreza.com\/#\/schema\/person\/image\/\"},\"sameAs\":[\"https:\/\/www.henriquemanreza.com\"]}]}<\/script>\n<!-- \/ Yoast SEO plugin. -->","yoast_head_json":{"title":"About | HENRIQUE MANREZA | Digital Strategies for your Business","robots":{"index":"index","follow":"follow","max-snippet":"max-snippet:-1","max-image-preview":"max-image-preview:large","max-video-preview":"max-video-preview:-1"},"canonical":"https:\/\/www.henriquemanreza.com\/pt\/about\/","og_locale":"pt_BR","og_type":"article","og_title":"About | HENRIQUE MANREZA | Digital Strategies for your Business","og_description":"My name is Henrique and I am a curious Brazilian digital strategist. I have been in the creative market for 20 years. My experience is as diverse as possible: Online Marketing, Design, UX, Project Management, SEO, Content Creation and Management, Storytelling, Photojournalism and Video Production. Today I work remotely with online marketing and digital strategy [&hellip;]","og_url":"https:\/\/www.henriquemanreza.com\/pt\/about\/","og_site_name":"HENRIQUE MANREZA | Digital Strategies for your Business","article_modified_time":"2025-03-07T22:25:31+00:00","og_image":[{"width":1400,"height":700,"url":"https:\/\/www.henriquemanreza.com\/wp-content\/uploads\/2021\/05\/20190617balloonmelbourne071.png","type":"image\/png"}],"twitter_card":"summary_large_image","twitter_misc":{"Est. tempo de leitura":"4 minutos"},"schema":{"@context":"https:\/\/schema.org","@graph":[{"@type":"WebPage","@id":"https:\/\/www.henriquemanreza.com\/about\/","url":"https:\/\/www.henriquemanreza.com\/about\/","name":"About | HENRIQUE MANREZA | Digital Strategies for your Business","isPartOf":{"@id":"https:\/\/www.henriquemanreza.com\/#website"},"primaryImageOfPage":{"@id":"https:\/\/www.henriquemanreza.com\/about\/#primaryimage"},"image":{"@id":"https:\/\/www.henriquemanreza.com\/about\/#primaryimage"},"thumbnailUrl":"https:\/\/www.henriquemanreza.com\/wp-content\/uploads\/2021\/05\/20190617balloonmelbourne071.png","datePublished":"2015-09-29T07:57:54+00:00","dateModified":"2025-03-07T22:25:31+00:00","breadcrumb":{"@id":"https:\/\/www.henriquemanreza.com\/about\/#breadcrumb"},"inLanguage":"pt-BR","potentialAction":[{"@type":"ReadAction","target":["https:\/\/www.henriquemanreza.com\/about\/"]}]},{"@type":"ImageObject","inLanguage":"pt-BR","@id":"https:\/\/www.henriquemanreza.com\/about\/#primaryimage","url":"https:\/\/www.henriquemanreza.com\/wp-content\/uploads\/2021\/05\/20190617balloonmelbourne071.png","contentUrl":"https:\/\/www.henriquemanreza.com\/wp-content\/uploads\/2021\/05\/20190617balloonmelbourne071.png","width":1400,"height":700},{"@type":"BreadcrumbList","@id":"https:\/\/www.henriquemanreza.com\/about\/#breadcrumb","itemListElement":[{"@type":"ListItem","position":1,"name":"Home","item":"https:\/\/www.henriquemanreza.com\/"},{"@type":"ListItem","position":2,"name":"About"}]},{"@type":"WebSite","@id":"https:\/\/www.henriquemanreza.com\/#website","url":"https:\/\/www.henriquemanreza.com\/","name":"HENRIQUE MANREZA | Digital Strategies for your Business","description":"","publisher":{"@id":"https:\/\/www.henriquemanreza.com\/#\/schema\/person\/844d8c0f495642664c68b56532680c51"},"potentialAction":[{"@type":"SearchAction","target":{"@type":"EntryPoint","urlTemplate":"https:\/\/www.henriquemanreza.com\/?s={search_term_string}"},"query-input":{"@type":"PropertyValueSpecification","valueRequired":true,"valueName":"search_term_string"}}],"inLanguage":"pt-BR"},{"@type":["Person","Organization"],"@id":"https:\/\/www.henriquemanreza.com\/#\/schema\/person\/844d8c0f495642664c68b56532680c51","name":"Henrique Manreza","image":{"@type":"ImageObject","inLanguage":"pt-BR","@id":"https:\/\/www.henriquemanreza.com\/#\/schema\/person\/image\/","url":"https:\/\/www.henriquemanreza.com\/wp-content\/uploads\/2023\/02\/manreza_logoquad3.png","contentUrl":"https:\/\/www.henriquemanreza.com\/wp-content\/uploads\/2023\/02\/manreza_logoquad3.png","width":258,"height":86,"caption":"Henrique Manreza"},"logo":{"@id":"https:\/\/www.henriquemanreza.com\/#\/schema\/person\/image\/"},"sameAs":["https:\/\/www.henriquemanreza.com"]}]}},"_links":{"self":[{"href":"https:\/\/www.henriquemanreza.com\/pt\/wp-json\/wp\/v2\/pages\/260","targetHints":{"allow":["GET"]}}],"collection":[{"href":"https:\/\/www.henriquemanreza.com\/pt\/wp-json\/wp\/v2\/pages"}],"about":[{"href":"https:\/\/www.henriquemanreza.com\/pt\/wp-json\/wp\/v2\/types\/page"}],"author":[{"embeddable":true,"href":"https:\/\/www.henriquemanreza.com\/pt\/wp-json\/wp\/v2\/users\/2"}],"replies":[{"embeddable":true,"href":"https:\/\/www.henriquemanreza.com\/pt\/wp-json\/wp\/v2\/comments?post=260"}],"version-history":[{"count":9,"href":"https:\/\/www.henriquemanreza.com\/pt\/wp-json\/wp\/v2\/pages\/260\/revisions"}],"predecessor-version":[{"id":2658,"href":"https:\/\/www.henriquemanreza.com\/pt\/wp-json\/wp\/v2\/pages\/260\/revisions\/2658"}],"wp:featuredmedia":[{"embeddable":true,"href":"https:\/\/www.henriquemanreza.com\/pt\/wp-json\/wp\/v2\/media\/2171"}],"wp:attachment":[{"href":"https:\/\/www.henriquemanreza.com\/pt\/wp-json\/wp\/v2\/media?parent=260"}],"curies":[{"name":"wp","href":"https:\/\/api.w.org\/{rel}","templated":true}]}}